{"id":20693,"date":"2025-11-23T19:30:10","date_gmt":"2025-11-23T19:30:10","guid":{"rendered":"https:\/\/synergyconcept.pl\/?page_id=20693"},"modified":"2026-03-12T18:49:26","modified_gmt":"2026-03-12T18:49:26","slug":"e-book","status":"publish","type":"page","link":"https:\/\/synergyconcept.pl\/pl\/e-book\/","title":{"rendered":"Program"},"content":{"rendered":"<div data-elementor-type=\"wp-page\" data-elementor-id=\"20693\" class=\"elementor elementor-20693\" data-elementor-post-type=\"page\">\n\t\t\t\t<div class=\"elementor-element elementor-element-a02b119 e-flex e-con-boxed e-con e-parent\" data-id=\"a02b119\" data-element_type=\"container\" data-e-type=\"container\">\n\t\t\t\t\t<div class=\"e-con-inner\">\n\t\t\t\t<div class=\"elementor-element elementor-element-6414957 elementor-widget elementor-widget-heading\" data-id=\"6414957\" data-element_type=\"widget\" data-e-type=\"widget\" data-widget_type=\"heading.default\">\n\t\t\t\t\t<h2 class=\"elementor-heading-title elementor-size-default\">Program<\/h2>\t\t\t\t<\/div>\n\t\t\t\t\t<\/div>\n\t\t\t\t<\/div>\n\t\t<div class=\"elementor-element elementor-element-5ff3a9b e-flex e-con-boxed e-con e-parent\" data-id=\"5ff3a9b\" data-element_type=\"container\" data-e-type=\"container\">\n\t\t\t\t\t<div class=\"e-con-inner\">\n\t\t<div class=\"elementor-element elementor-element-1fd315c e-con-full e-flex e-con e-child\" data-id=\"1fd315c\" data-element_type=\"container\" data-e-type=\"container\">\n\t\t\t\t<div class=\"elementor-element elementor-element-0fafc86 elementor-widget elementor-widget-image\" data-id=\"0fafc86\" data-element_type=\"widget\" data-e-type=\"widget\" data-widget_type=\"image.default\">\n\t\t\t\t\t\t\t\t\t\t\t\t\t\t\t\t<a href=\"https:\/\/synergyconcept.pl\/pl\/coming-soon\/\">\n\t\t\t\t\t\t\t<img fetchpriority=\"high\" decoding=\"async\" width=\"640\" height=\"1021\" src=\"https:\/\/synergyconcept.pl\/wp-content\/uploads\/2026\/03\/FROM-BURNOUT-TO-BALANCE_1-642x1024.jpg\" class=\"attachment-large size-large wp-image-20739\" alt=\"\" srcset=\"https:\/\/synergyconcept.pl\/wp-content\/uploads\/2026\/03\/FROM-BURNOUT-TO-BALANCE_1-642x1024.jpg 642w, https:\/\/synergyconcept.pl\/wp-content\/uploads\/2026\/03\/FROM-BURNOUT-TO-BALANCE_1-188x300.jpg 188w, https:\/\/synergyconcept.pl\/wp-content\/uploads\/2026\/03\/FROM-BURNOUT-TO-BALANCE_1-768x1226.jpg 768w, https:\/\/synergyconcept.pl\/wp-content\/uploads\/2026\/03\/FROM-BURNOUT-TO-BALANCE_1-963x1536.jpg 963w, https:\/\/synergyconcept.pl\/wp-content\/uploads\/2026\/03\/FROM-BURNOUT-TO-BALANCE_1-1283x2048.jpg 1283w, https:\/\/synergyconcept.pl\/wp-content\/uploads\/2026\/03\/FROM-BURNOUT-TO-BALANCE_1-600x957.jpg 600w, https:\/\/synergyconcept.pl\/wp-content\/uploads\/2026\/03\/FROM-BURNOUT-TO-BALANCE_1.jpg 1410w\" sizes=\"(max-width: 640px) 100vw, 640px\" \/>\t\t\t\t\t\t\t\t<\/a>\n\t\t\t\t\t\t\t\t\t\t\t\t\t\t\t<\/div>\n\t\t\t\t<\/div>\n\t\t<div class=\"elementor-element elementor-element-2820ca3 e-flex e-con-boxed e-con e-child\" data-id=\"2820ca3\" data-element_type=\"container\" data-e-type=\"container\">\n\t\t\t\t\t<div class=\"e-con-inner\">\n\t\t\t\t<div class=\"elementor-element elementor-element-e865b51 elementor-widget elementor-widget-heading\" data-id=\"e865b51\" data-element_type=\"widget\" data-e-type=\"widget\" data-widget_type=\"heading.default\">\n\t\t\t\t\t<h2 class=\"elementor-heading-title elementor-size-default\">RESET dla profesjonalist\u00f3w osi\u0105gaj\u0105cych wysokie wyniki<\/h2>\t\t\t\t<\/div>\n\t\t\t\t<div class=\"elementor-element elementor-element-b364971 elementor-widget elementor-widget-heading\" data-id=\"b364971\" data-element_type=\"widget\" data-e-type=\"widget\" data-widget_type=\"heading.default\">\n\t\t\t\t\t<h2 class=\"elementor-heading-title elementor-size-default\">4-tygodniowy program resetowania energii i koncentracji<\/h2>\t\t\t\t<\/div>\n\t\t\t\t<div class=\"elementor-element elementor-element-0c24230 elementor-widget elementor-widget-text-editor\" data-id=\"0c24230\" data-element_type=\"widget\" data-e-type=\"widget\" data-widget_type=\"text-editor.default\">\n\t\t\t\t\t\t\t\t\t<p>Je\u015bli jeste\u015b profesjonalist\u0105, kt\u00f3ry osi\u0105ga wysokie wyniki, ale coraz cz\u0119\u015bciej czuje si\u0119 psychicznie wyczerpany, przyt\u0142oczony lub ci\u0105gle \u201cw\u0142\u0105czony\u201d - ten program jest dla Ciebie.<\/p><p>RESET for High-Performing Professionals to 4-tygodniowy program przeznaczony dla os\u00f3b, kt\u00f3re intensywnie pracuj\u0105 umys\u0142owo, codziennie podejmuj\u0105 wiele decyzji i chc\u0105 odzyska\u0107 energi\u0119, jasno\u015b\u0107 i kontrol\u0119 nad swoj\u0105 prac\u0105 i \u017cyciem.<\/p><p>Program ten \u0142\u0105czy w sobie Digital Wellness, Life Coaching i praktyczne strategie zarz\u0105dzania energi\u0105, aby pom\u00f3c ci zachowa\u0107 produktywno\u015b\u0107 i sukces bez wypalenia.<\/p>\t\t\t\t\t\t\t\t<\/div>\n\t\t\t\t<div class=\"elementor-element elementor-element-42ade11 animated-slow elementor-invisible elementor-widget elementor-widget-thim-ekits-button\" data-id=\"42ade11\" data-element_type=\"widget\" data-e-type=\"widget\" data-settings=\"{&quot;_animation&quot;:&quot;ekit--slide-up&quot;}\" data-widget_type=\"thim-ekits-button.default\">\n\t\t\t\t<div class=\"elementor-widget-container\">\n\t\t\t\t\t\n\t\t<div class=\"thim-ekits-button\">\n\t\t\t<a href=\"#contact\" role=\"button\">\n\t\t\t\t<span class=\"button-content-wrapper\">\n\t\t\t\t\t<i aria-hidden=\"true\" class=\"icon-align-right fas fa-arrow-down\"><\/i>Do\u0142\u0105cz do programu\t\t\t\t<\/span>\n\t\t\t<\/a>\n\t\t<\/div>\n\n\t\t\t\t\t\t<\/div>\n\t\t\t\t<\/div>\n\t\t\t\t\t<\/div>\n\t\t\t\t<\/div>\n\t\t\t\t\t<\/div>\n\t\t\t\t<\/div>\n\t\t<div class=\"elementor-element elementor-element-d4375db e-flex e-con-boxed e-con e-parent\" data-id=\"d4375db\" data-element_type=\"container\" data-e-type=\"container\" id=\"contact\">\n\t\t\t\t\t<div class=\"e-con-inner\">\n\t\t<div class=\"elementor-element elementor-element-9729f23 e-con-full animated-slow e-flex elementor-invisible e-con e-child\" data-id=\"9729f23\" data-element_type=\"container\" data-e-type=\"container\" data-settings=\"{&quot;animation&quot;:&quot;ekit--slide-left&quot;,&quot;background_background&quot;:&quot;classic&quot;}\">\n\t\t\t\t<div class=\"elementor-element elementor-element-5a75158 elementor-widget elementor-widget-thim-ekits-heading\" data-id=\"5a75158\" data-element_type=\"widget\" data-e-type=\"widget\" data-widget_type=\"thim-ekits-heading.default\">\n\t\t\t\t<div class=\"elementor-widget-container\">\n\t\t\t\t\t<div class=\"thim-ekits-heading thim-ekit__heading\"><h4 class=\"title\">Wype\u0142nij formularz, aby do\u0142\u0105czy\u0107 <\/h4><\/div>\t\t\t\t<\/div>\n\t\t\t\t<\/div>\n\t\t\t\t<div class=\"elementor-element elementor-element-60a72df elementor-widget elementor-widget-thim-ekits-contact-form-7\" data-id=\"60a72df\" data-element_type=\"widget\" data-e-type=\"widget\" data-widget_type=\"thim-ekits-contact-form-7.default\">\n\t\t\t\t<div class=\"elementor-widget-container\">\n\t\t\t\t\t\t\t\t<div class=\"thim-ekit-wpcf7\">\n\t\t\t\t\n<div class=\"wpcf7 no-js\" id=\"wpcf7-f20766-o1\" lang=\"en-US\" dir=\"ltr\" data-wpcf7-id=\"20766\">\n<div class=\"screen-reader-response\"><p role=\"status\" aria-live=\"polite\" aria-atomic=\"true\"><\/p> <ul><\/ul><\/div>\n<form action=\"\/pl\/wp-json\/wp\/v2\/pages\/20693#wpcf7-f20766-o1\" method=\"post\" class=\"wpcf7-form init\" aria-label=\"Contact form\" novalidate=\"novalidate\" data-status=\"init\" data-trp-original-action=\"\/pl\/wp-json\/wp\/v2\/pages\/20693#wpcf7-f20766-o1\">\n<fieldset class=\"hidden-fields-container\"><input type=\"hidden\" name=\"_wpcf7\" value=\"20766\" \/><input type=\"hidden\" name=\"_wpcf7_version\" value=\"6.1.2\" \/><input type=\"hidden\" name=\"_wpcf7_locale\" value=\"en_US\" \/><input type=\"hidden\" name=\"_wpcf7_unit_tag\" value=\"wpcf7-f20766-o1\" \/><input type=\"hidden\" name=\"_wpcf7_container_post\" value=\"0\" \/><input type=\"hidden\" name=\"_wpcf7_posted_data_hash\" value=\"\" \/>\n<\/fieldset>\n<div class=\"d-flex\">\n\t<p><span class=\"wpcf7-form-control-wrap\" data-name=\"your-name\"><input size=\"40\" maxlength=\"400\" class=\"wpcf7-form-control wpcf7-text wpcf7-validates-as-required\" aria-required=\"true\" aria-invalid=\"false\" placeholder=\"Nazwa *\" value=\"\" type=\"text\" name=\"your-name\" \/><\/span>\n\t<\/p>\n\t<p><span class=\"wpcf7-form-control-wrap\" data-name=\"phone\"><input size=\"40\" maxlength=\"400\" class=\"wpcf7-form-control wpcf7-text\" aria-invalid=\"false\" placeholder=\"Telefon\" value=\"\" type=\"text\" name=\"phone\" \/><\/span>\n\t<\/p>\n<\/div>\n<div class=\"d-flex\">\n\t<p><span class=\"wpcf7-form-control-wrap\" data-name=\"your-email\"><input size=\"40\" maxlength=\"400\" class=\"wpcf7-form-control wpcf7-email wpcf7-validates-as-required wpcf7-text wpcf7-validates-as-email\" aria-required=\"true\" aria-invalid=\"false\" placeholder=\"Email *\" value=\"\" type=\"email\" name=\"your-email\" \/><\/span>\n\t<\/p>\n\t<p><span class=\"wpcf7-form-control-wrap\" data-name=\"your-company\"><input size=\"40\" maxlength=\"400\" class=\"wpcf7-form-control wpcf7-text\" aria-invalid=\"false\" placeholder=\"Firma\" value=\"\" type=\"text\" name=\"your-company\" \/><\/span>\n\t<\/p>\n<\/div>\n<p><span class=\"wpcf7-form-control-wrap\" data-name=\"your-message\"><input size=\"40\" maxlength=\"400\" class=\"wpcf7-form-control wpcf7-text\" aria-invalid=\"false\" placeholder=\"Wiadomo\u015b\u0107\" value=\"\" type=\"text\" name=\"your-message\" \/><\/span>\n<\/p>\n<p><button type=\"submit\" aria-controls=\"result\" class=\"wpcf7-form-control wpcf7-submit has-spinner\"><span>Prze\u015blij<\/span> <i aria-hidden=\"true\" class=\"icon-align-right fas fa-arrow-right\"><\/i><\/button>\n<\/p><div class=\"wpcf7-response-output\" aria-hidden=\"true\"><\/div>\n<input type=\"hidden\" name=\"trp-form-language\" value=\"pl\"\/><\/form>\n<\/div>\n\t\t\t<\/div>\n\t\t\t\t\t\t<\/div>\n\t\t\t\t<\/div>\n\t\t\t\t<\/div>\n\t\t\t\t\t<\/div>\n\t\t\t\t<\/div>\n\t\t\t\t<\/div>","protected":false},"excerpt":{"rendered":"<p>Progam RESET for High-Performing Professionals A 4-Week Energy &amp; Focus Reset Program If you are a high-achieving professional who performs at a high level but increasingly feels mentally exhausted, overwhelmed, or constantly \u201con\u201d \u2014 this program is for you. RESET [&hellip;]<\/p>\n","protected":false},"author":1,"featured_media":0,"parent":0,"menu_order":0,"comment_status":"closed","ping_status":"closed","template":"","meta":{"_themeisle_gutenberg_block_has_review":false,"footnotes":""},"class_list":["post-20693","page","type-page","status-publish","hentry"],"_hostinger_reach_plugin_has_subscription_block":false,"_hostinger_reach_plugin_is_elementor":false,"_links":{"self":[{"href":"https:\/\/synergyconcept.pl\/pl\/wp-json\/wp\/v2\/pages\/20693","targetHints":{"allow":["GET"]}}],"collection":[{"href":"https:\/\/synergyconcept.pl\/pl\/wp-json\/wp\/v2\/pages"}],"about":[{"href":"https:\/\/synergyconcept.pl\/pl\/wp-json\/wp\/v2\/types\/page"}],"author":[{"embeddable":true,"href":"https:\/\/synergyconcept.pl\/pl\/wp-json\/wp\/v2\/users\/1"}],"replies":[{"embeddable":true,"href":"https:\/\/synergyconcept.pl\/pl\/wp-json\/wp\/v2\/comments?post=20693"}],"version-history":[{"count":35,"href":"https:\/\/synergyconcept.pl\/pl\/wp-json\/wp\/v2\/pages\/20693\/revisions"}],"predecessor-version":[{"id":20769,"href":"https:\/\/synergyconcept.pl\/pl\/wp-json\/wp\/v2\/pages\/20693\/revisions\/20769"}],"wp:attachment":[{"href":"https:\/\/synergyconcept.pl\/pl\/wp-json\/wp\/v2\/media?parent=20693"}],"curies":[{"name":"wp","href":"https:\/\/api.w.org\/{rel}","templated":true}]}}